{"id":14798,"date":"2024-11-14T17:42:52","date_gmt":"2024-11-14T17:42:52","guid":{"rendered":"https:\/\/atc-trompe-cors.fr\/mediatheque\/?page_id=14798"},"modified":"2026-03-29T15:23:21","modified_gmt":"2026-03-29T15:23:21","slug":"sheet-music","status":"publish","type":"page","link":"https:\/\/atc-trompe-cors.fr\/mediatheque\/index.php\/sheet-music\/","title":{"rendered":"Contenu restreint"},"content":{"rendered":"<p><strong>Pour acc\u00e8der aux fichiers de la m\u00e9diath\u00e8que, vous devez avoir cr\u00e9\u00e9 un compte utilisateur sur ATC<\/strong><\/p>","protected":false},"excerpt":{"rendered":"","protected":false},"author":1,"featured_media":0,"parent":0,"menu_order":0,"comment_status":"closed","ping_status":"closed","template":"","meta":{"_et_pb_use_builder":"on","_et_pb_old_content":"[wpfd_category order=\"created_time\" direction=\"asc\" number=\"10\" ]\r\n\r\n\u00a0","_et_gb_content_width":"","footnotes":""},"class_list":["post-14798","page","type-page","status-publish","hentry"],"_links":{"self":[{"href":"https:\/\/atc-trompe-cors.fr\/mediatheque\/index.php\/wp-json\/wp\/v2\/pages\/14798","targetHints":{"allow":["GET"]}}],"collection":[{"href":"https:\/\/atc-trompe-cors.fr\/mediatheque\/index.php\/wp-json\/wp\/v2\/pages"}],"about":[{"href":"https:\/\/atc-trompe-cors.fr\/mediatheque\/index.php\/wp-json\/wp\/v2\/types\/page"}],"author":[{"embeddable":true,"href":"https:\/\/atc-trompe-cors.fr\/mediatheque\/index.php\/wp-json\/wp\/v2\/users\/1"}],"replies":[{"embeddable":true,"href":"https:\/\/atc-trompe-cors.fr\/mediatheque\/index.php\/wp-json\/wp\/v2\/comments?post=14798"}],"version-history":[{"count":15,"href":"https:\/\/atc-trompe-cors.fr\/mediatheque\/index.php\/wp-json\/wp\/v2\/pages\/14798\/revisions"}],"predecessor-version":[{"id":25259,"href":"https:\/\/atc-trompe-cors.fr\/mediatheque\/index.php\/wp-json\/wp\/v2\/pages\/14798\/revisions\/25259"}],"wp:attachment":[{"href":"https:\/\/atc-trompe-cors.fr\/mediatheque\/index.php\/wp-json\/wp\/v2\/media?parent=14798"}],"curies":[{"name":"wp","href":"https:\/\/api.w.org\/{rel}","templated":true}]}}