{"id":9,"date":"2023-01-31T13:36:16","date_gmt":"2023-01-31T13:36:16","guid":{"rendered":"https:\/\/atc-trompe-cors.fr\/mediatheque\/?page_id=9"},"modified":"2026-04-05T09:58:05","modified_gmt":"2026-04-05T09:58:05","slug":"accueil","status":"publish","type":"page","link":"https:\/\/atc-trompe-cors.fr\/mediatheque\/","title":{"rendered":"Accueil"},"content":{"rendered":"<p>[et_pb_section fb_built=&#8221;1&#8243; disabled_on=&#8221;on|off|off&#8221; _builder_version=&#8221;4.27.4&#8243; background_color=&#8221;#f4f4f4&#8243; background_image=&#8221;https:\/\/atc-trompe-cors.fr\/mediatheque\/wp-content\/uploads\/2023\/01\/partition-2200-80.png&#8221; min_height=&#8221;300px&#8221; custom_margin=&#8221;0px||66px||false|false&#8221; custom_padding=&#8221;0px||0px||false|false&#8221; global_colors_info=&#8221;{}&#8221;][\/et_pb_section][et_pb_section fb_built=&#8221;1&#8243; disabled_on=&#8221;on|off|off&#8221; _builder_version=&#8221;4.27.4&#8243; background_color=&#8221;#f4f4f4&#8243; background_enable_image=&#8221;off&#8221; custom_margin=&#8221;7px||-241px||false|false&#8221; custom_padding=&#8221;76px||0px|||&#8221; global_colors_info=&#8221;{}&#8221;][\/et_pb_section][et_pb_section fb_built=&#8221;1&#8243; _builder_version=&#8221;4.27.4&#8243; background_color=&#8221;#f4f4f4&#8243; min_height=&#8221;2699.6px&#8221; custom_margin=&#8221;16px||||false|false&#8221; global_colors_info=&#8221;{}&#8221;][et_pb_row _builder_version=&#8221;4.27.4&#8243; _module_preset=&#8221;default&#8221; global_colors_info=&#8221;{}&#8221;][et_pb_column type=&#8221;4_4&#8243; _builder_version=&#8221;4.27.4&#8243; _module_preset=&#8221;default&#8221; global_colors_info=&#8221;{}&#8221;][et_pb_text _builder_version=&#8221;4.27.5&#8243; _module_preset=&#8221;default&#8221; header_2_text_color=&#8221;#000000&#8243; custom_margin=&#8221;||29px|||&#8221; global_colors_info=&#8221;{}&#8221;]<\/p>\n<h2 style=\"text-align: center;\"><strong>M\u00e9diath\u00e8que de l&#8217;Acad\u00e9mie Trompe &amp; Cors<\/strong><\/h2>\n<p>[\/et_pb_text][et_pb_text _builder_version=&#8221;4.27.5&#8243; _module_preset=&#8221;default&#8221; custom_padding=&#8221;0px|||||&#8221; global_colors_info=&#8221;{}&#8221;]<\/p>\n<h1 style=\"text-align: center;\"><strong><span style=\"color: #ff6600;\">La m\u00e9diath\u00e8que A.T.C, amie des sonneurs et des cornistes,\u00a0<\/span><\/strong><\/h1>\n<h1 style=\"text-align: center;\"><strong><span style=\"color: #ff6600;\"><\/span><\/strong><strong><span style=\"color: #ff6600;\">est aliment\u00e9e en\u00a0 collaboration avec <\/span><\/strong><strong><span style=\"color: #ff6600;\">la F.I.T.F.<\/span><\/strong><\/h1>\n<p>[\/et_pb_text][\/et_pb_column][\/et_pb_row][et_pb_row _builder_version=&#8221;4.27.4&#8243; _module_preset=&#8221;default&#8221; global_colors_info=&#8221;{}&#8221;][et_pb_column type=&#8221;4_4&#8243; _builder_version=&#8221;4.27.4&#8243; _module_preset=&#8221;default&#8221; global_colors_info=&#8221;{}&#8221;][et_pb_text _builder_version=&#8221;4.27.4&#8243; _module_preset=&#8221;default&#8221; global_colors_info=&#8221;{}&#8221;]<\/p>\n<h3 style=\"text-align: center;\"><strong>Les membres du CLUB PRIVIL\u00c8GES acc\u00e8dent directement \u00e0 l&#8217;onglet &#8220;Titres &amp; Partitions&#8221;.<\/strong><\/h3>\n<p>[\/et_pb_text][\/et_pb_column][\/et_pb_row][et_pb_row _builder_version=&#8221;4.19.5&#8243; custom_margin=&#8221;-48px|auto||auto||&#8221; custom_padding=&#8221;||12px|||&#8221; global_colors_info=&#8221;{}&#8221;][et_pb_column type=&#8221;4_4&#8243; _builder_version=&#8221;4.19.5&#8243; global_colors_info=&#8221;{}&#8221;][et_pb_text ul_item_indent=&#8221;54px&#8221; _builder_version=&#8221;4.27.5&#8243; text_text_color=&#8221;#000000&#8243; text_font_size=&#8221;20px&#8221; text_orientation=&#8221;center&#8221; custom_padding=&#8221;8px||0px|||&#8221; hover_enabled=&#8221;0&#8243; global_colors_info=&#8221;{}&#8221; sticky_enabled=&#8221;0&#8243;]<\/p>\n<h3 style=\"text-align: right;\"><\/h3>\n<blockquote>\n<h3 style=\"text-align: center;\"><span style=\"color: #333300;\"><em><b><span style=\"font-family: Calibri, sans-serif;\">Les b\u00e9n\u00e9voles de l&#8217;ATC conduisent un important travail de transcription et de cr\u00e9ation. <\/span><\/b><\/em><\/span><\/h3>\n<h3 style=\"text-align: center;\"><span style=\"text-decoration: underline;\"><span style=\"color: #333300;\"><em><b><span style=\"font-family: Calibri, sans-serif;\">Le fruit de ces travaux est disponible GRATUITEMENT,<span style=\"font-size: xx-large;\"> il suffit de cr\u00e9er un compte<\/span>\u00a0<\/span><\/b><\/em><\/span><\/span><\/h3>\n<p><span style=\"text-decoration: underline;\"><span style=\"color: #333300;\"><em><b><span style=\"font-family: Calibri, sans-serif;\"><\/span><\/b><\/em><\/span><\/span><\/p>\n<p><span style=\"text-decoration: underline;\"><span style=\"color: #333300;\"><em><b><span style=\"font-family: Calibri, sans-serif;\"><\/span><\/b><\/em><\/span><\/span><\/p>\n<h3 style=\"text-align: center;\"><\/h3>\n<h6 style=\"text-align: center;\"><span style=\"text-decoration: underline; color: #000000; font-size: medium;\"><a href=\"https:\/\/atc-trompe-cors.fr\/contact-atc\/\" target=\"_blank\" rel=\"noopener\" style=\"color: #000000;\"><strong>Votre avis nous int\u00e9resse, pour nous contacter <span style=\"color: #ff0000; text-decoration: underline;\">cliquez ICI<\/span><\/strong><\/a><\/span><\/h6>\n<h3 style=\"text-align: center;\"><span style=\"color: #339966;\"><em><\/em><\/span><\/h3>\n<h3 style=\"text-align: center;\"><span style=\"color: #339966;\"><em><\/em><\/span><\/h3>\n<h3 style=\"text-align: center;\"><span style=\"color: #339966;\"><em><\/em><\/span><span style=\"font-size: medium;\"><strong>Les partitions propos\u00e9es par l&#8217;ATC sont conformes aux originaux.<\/strong><\/span><\/h3>\n<h5 style=\"text-align: center;\"><\/h5>\n<p style=\"text-align: center;\"><span style=\"color: #ff6600;\"><em>Les\u00a0 documents cr\u00e9\u00e9s et produits par l&#8217;ATC sont prot\u00e9g\u00e9s : Copie et diffusion autoris\u00e9es sous conditions.<\/em><span style=\"font-size: 20px;\">\u00a0<\/span><\/span><\/p>\n<\/blockquote>\n<p>[\/et_pb_text][\/et_pb_column][\/et_pb_row][et_pb_row column_structure=&#8221;1_2,1_2&#8243; _builder_version=&#8221;4.27.4&#8243; _module_preset=&#8221;default&#8221; module_alignment=&#8221;center&#8221; custom_margin=&#8221;0px|||100px|false|false&#8221; global_colors_info=&#8221;{}&#8221;][et_pb_column type=&#8221;1_2&#8243; _builder_version=&#8221;4.27.4&#8243; _module_preset=&#8221;default&#8221; global_colors_info=&#8221;{}&#8221;][et_pb_text _builder_version=&#8221;4.27.4&#8243; _module_preset=&#8221;default&#8221; global_colors_info=&#8221;{}&#8221;]<\/p>\n<h2>Le Club &#8220;Privil\u00e8ges&#8221;<\/h2>\n<h4>Dans cet espace vous pourrez \u00e9couter, visionner et\u00a0 t\u00e9l\u00e9charger des centaines de morceaux (PDF et MP3)<br \/>Cet espace est totalement <span style=\"color: #800000;\"><strong>gratuit\u00a0<\/strong><\/span><\/h4>\n<h4><span style=\"color: #000000;\">Une fois votre compte cr\u00e9\u00e9 vous verrez appara\u00eetre l&#8217;onglet &#8220;Titres &amp; Partitions&#8221; dans le menu<\/span><\/h4>\n<p><img loading=\"lazy\" decoding=\"async\" src=\"https:\/\/atc-trompe-cors.fr\/mediatheque\/wp-content\/uploads\/2025\/08\/Bandeau-telechargements-last.jpg\" width=\"702\" height=\"79\" alt=\"\" class=\"wp-image-21090 alignnone size-full\" srcset=\"https:\/\/atc-trompe-cors.fr\/mediatheque\/wp-content\/uploads\/2025\/08\/Bandeau-telechargements-last.jpg 702w, https:\/\/atc-trompe-cors.fr\/mediatheque\/wp-content\/uploads\/2025\/08\/Bandeau-telechargements-last-480x54.jpg 480w\" sizes=\"(min-width: 0px) and (max-width: 480px) 480px, (min-width: 481px) 702px, 100vw\" \/><\/p>\n<p>[\/et_pb_text][\/et_pb_column][et_pb_column type=&#8221;1_2&#8243; _builder_version=&#8221;4.27.4&#8243; _module_preset=&#8221;default&#8221; global_colors_info=&#8221;{}&#8221;][et_pb_button button_url=&#8221;https:\/\/atc-trompe-cors.fr\/mediatheque\/index.php\/adhesions\/&#8221; url_new_window=&#8221;on&#8221; button_text=&#8221;Je cr\u00e9e  mon compte&#8221; _builder_version=&#8221;4.27.4&#8243; _module_preset=&#8221;default&#8221; custom_button=&#8221;on&#8221; button_text_size=&#8221;28px&#8221; button_bg_color=&#8221;RGBA(255,255,255,0)&#8221; button_border_width=&#8221;4px&#8221; button_border_color=&#8221;#E09900&#8243; button_border_radius=&#8221;5px&#8221; button_font=&#8221;Nunito|600|||||||&#8221; button_icon=&#8221;&#x49;||divi||400&#8243; custom_margin=&#8221;72px||||false|false&#8221; button_text_shadow_style=&#8221;preset3&#8243; global_colors_info=&#8221;{}&#8221;][\/et_pb_button][\/et_pb_column][\/et_pb_row][et_pb_row _builder_version=&#8221;4.20.0&#8243; _module_preset=&#8221;default&#8221; min_height=&#8221;183.1px&#8221; custom_margin=&#8221;|auto|-43px|auto||&#8221; custom_padding=&#8221;||0px|||&#8221; global_colors_info=&#8221;{}&#8221;][et_pb_column type=&#8221;4_4&#8243; _builder_version=&#8221;4.20.0&#8243; _module_preset=&#8221;default&#8221; global_colors_info=&#8221;{}&#8221;][et_pb_text _builder_version=&#8221;4.27.5&#8243; _module_preset=&#8221;default&#8221; custom_margin=&#8221;-16px|||||&#8221; custom_padding=&#8221;||6px||false|false&#8221; global_colors_info=&#8221;{}&#8221;]<\/p>\n<h2 style=\"text-align: center;\"><\/h2>\n<h2 style=\"text-align: center;\"><strong><span style=\"color: #800000;\">Cr\u00e9er un compte c&#8217;est devenir membre du Club &#8220;PRIVIL\u00c8GES&#8221;<\/span><\/strong><\/h2>\n<h2 style=\"text-align: center;\"><strong><span style=\"color: #800000;\">Les membres du Club b\u00e9n\u00e9ficient de l&#8217;acc\u00e8s \u00e0 la M\u00e9diath\u00e8que ainsi qu&#8217;aux t\u00e9l\u00e9chargements gratuits de plus de mille fichiers<\/span><\/strong><strong><span style=\"color: #800000;\">.\u00a0<\/span><\/strong><\/h2>\n<p><strong><span style=\"color: #800000;\"><\/span><\/strong><\/p>\n<h3 style=\"text-align: center;\"><span style=\"color: #0000ff;\"><strong><em>Un moteur de recherche performant\u00a0vous ouvrira l&#8217;acc\u00e8s \u00e0 tous les titres.\u00a0<\/em><\/strong><\/span><\/h3>\n<p style=\"text-align: center;\">[\/et_pb_text][et_pb_text _builder_version=&#8221;4.27.4&#8243; _module_preset=&#8221;default&#8221; custom_margin=&#8221;-65px|||||&#8221; global_colors_info=&#8221;{}&#8221;]<\/p>\n<h3 style=\"text-align: center;\"><span style=\"color: #ffffff;\"><strong>.<\/strong><\/span><\/h3>\n<p style=\"text-align: center;\"><span style=\"color: #ffffff;\"><strong>.<\/strong><\/span><\/p>\n<h3 style=\"text-align: center;\"><span style=\"font-size: xx-large;\"><strong>Tables des mati\u00e8res class\u00e9es par cat\u00e9gorie<\/strong><\/span><\/h3>\n<h3 style=\"text-align: center;\"><span style=\"font-size: xx-large;\"><strong>Consultez les trois listes de titres en ligne.<\/strong><\/span><\/h3>\n<p><strong><\/strong><\/p>\n<p><strong><\/strong><\/p>\n<p><strong>.<\/strong><\/p>\n<p>[\/et_pb_text][\/et_pb_column][\/et_pb_row][et_pb_row column_structure=&#8221;1_3,1_3,1_3&#8243; _builder_version=&#8221;4.20.2&#8243; _module_preset=&#8221;default&#8221; custom_margin=&#8221;|auto|-45px|auto||&#8221; custom_padding=&#8221;21px|||||&#8221; global_colors_info=&#8221;{}&#8221;][et_pb_column type=&#8221;1_3&#8243; _builder_version=&#8221;4.20.0&#8243; _module_preset=&#8221;default&#8221; global_colors_info=&#8221;{}&#8221;][et_pb_text _builder_version=&#8221;4.27.5&#8243; _module_preset=&#8221;default&#8221; link_option_url=&#8221;https:\/\/atc-trompe-cors.fr\/mediatheque\/wp-content\/uploads\/2024\/10\/MUSIQUE-de-CHASSE-Octobre-2024.pdf&#8221; link_option_url_new_window=&#8221;on&#8221; header_3_text_shadow_style=&#8221;preset5&#8243; header_3_text_shadow_blur_strength=&#8221;0.16em&#8221; header_3_text_shadow_color=&#8221;#dd991c&#8221; global_colors_info=&#8221;{}&#8221;]<\/p>\n<h3 style=\"text-align: center;\"><a href=\"https:\/\/atc-trompe-cors.fr\/mediatheque\/wp-content\/uploads\/2026\/04\/MUSIQUE-VENERIE-Mars-2-2026.pdf\" target=\"_blank\" rel=\"noopener\"><span style=\"color: #333300;\"><strong>MUSIQUE de <\/strong><\/span><\/a><\/h3>\n<h3 style=\"text-align: center;\"><a href=\"https:\/\/atc-trompe-cors.fr\/mediatheque\/wp-content\/uploads\/2026\/04\/MUSIQUE-VENERIE-Mars-2-2026.pdf\" target=\"_blank\" rel=\"noopener\"><span style=\"color: #333300;\"><strong>V\u00c8NERIE<\/strong><\/span><\/a><\/h3>\n<h3 style=\"text-align: center;\"><\/h3>\n<h3 style=\"text-align: center;\"><span style=\"color: #0000ff;\"><a href=\"https:\/\/atc-trompe-cors.fr\/mediatheque\/wp-content\/uploads\/2023\/02\/TROMPE-ET-CORS.pdf\" target=\"_blank\" rel=\"noopener\" style=\"color: #0000ff;\"><strong><\/strong><\/a><\/span><\/h3>\n<p>&nbsp;<\/p>\n<p>[\/et_pb_text][\/et_pb_column][et_pb_column type=&#8221;1_3&#8243; _builder_version=&#8221;4.20.0&#8243; _module_preset=&#8221;default&#8221; global_colors_info=&#8221;{}&#8221;][et_pb_text _builder_version=&#8221;4.27.5&#8243; _module_preset=&#8221;default&#8221; link_option_url=&#8221;https:\/\/atc-trompe-cors.fr\/mediatheque\/wp-content\/uploads\/2025\/07\/DIVERTISSEMENT-Juillet-2025.pdf&#8221; link_option_url_new_window=&#8221;on&#8221; header_3_text_shadow_style=&#8221;preset5&#8243; header_3_text_shadow_blur_strength=&#8221;0.16em&#8221; header_3_text_shadow_color=&#8221;#dd991c&#8221; global_colors_info=&#8221;{}&#8221;]<\/p>\n<h3 style=\"text-align: center;\"><a href=\"https:\/\/atc-trompe-cors.fr\/mediatheque\/wp-content\/uploads\/2026\/04\/DIVERTISSEMENT-Mars-2-2026.pdf\" target=\"_blank\" rel=\"noopener\"><strong>MUSIQUE de<\/strong><\/a><\/h3>\n<h3 style=\"text-align: center;\"><a href=\"https:\/\/atc-trompe-cors.fr\/mediatheque\/wp-content\/uploads\/2026\/04\/DIVERTISSEMENT-Mars-2-2026.pdf\" target=\"_blank\" rel=\"noopener\"><strong>DIVERTISSEMENT<\/strong><\/a><span style=\"color: #0000ff;\"><a href=\"https:\/\/atc-trompe-cors.fr\/mediatheque\/wp-content\/uploads\/2023\/02\/TROMPE-ET-CORS.pdf\" target=\"_blank\" rel=\"noopener\" style=\"color: #0000ff;\"><strong><\/strong><\/a><\/span><\/h3>\n<p>&nbsp;<\/p>\n<p>[\/et_pb_text][et_pb_image src=&#8221;https:\/\/atc-trompe-cors.fr\/mediatheque\/wp-content\/uploads\/2023\/01\/logo-brut-contraste-150&#215;150.jpg&#8221; alt=&#8221;Acad\u00e9mie trompe&#8221; title_text=&#8221;Acad\u00e9mie trompe&#8221; align=&#8221;center&#8221; _builder_version=&#8221;4.27.4&#8243; _module_preset=&#8221;default&#8221; global_colors_info=&#8221;{}&#8221;][\/et_pb_image][\/et_pb_column][et_pb_column type=&#8221;1_3&#8243; _builder_version=&#8221;4.20.0&#8243; _module_preset=&#8221;default&#8221; global_colors_info=&#8221;{}&#8221;][et_pb_text _builder_version=&#8221;4.27.5&#8243; _module_preset=&#8221;default&#8221; link_option_url=&#8221;https:\/\/atc-trompe-cors.fr\/mediatheque\/wp-content\/uploads\/2025\/07\/MUSIQUE-RELIGIEUSE-Juin-2025.pdf&#8221; link_option_url_new_window=&#8221;on&#8221; header_3_text_shadow_style=&#8221;preset5&#8243; header_3_text_shadow_color=&#8221;#dd991c&#8221; global_colors_info=&#8221;{}&#8221;]<\/p>\n<h3 style=\"text-align: center;\"><a href=\"https:\/\/atc-trompe-cors.fr\/mediatheque\/wp-content\/uploads\/2026\/01\/MUSIQUE-RELIGIEUSE-20-Sept-2025.pdf\" target=\"_blank\" rel=\"noopener\"><span style=\"color: #333300;\"><strong>MUSIQUE <\/strong><\/span><\/a><\/h3>\n<h3 style=\"text-align: center;\"><a href=\"https:\/\/atc-trompe-cors.fr\/mediatheque\/wp-content\/uploads\/2026\/01\/MUSIQUE-RELIGIEUSE-20-Sept-2025.pdf\" target=\"_blank\" rel=\"noopener\"><span style=\"color: #333300;\"><strong>RELIGIEUSE<\/strong><\/span><\/a><\/h3>\n<p>[\/et_pb_text][\/et_pb_column][\/et_pb_row][\/et_pb_section]<\/p>\n","protected":false},"excerpt":{"rendered":"<p>M\u00e9diath\u00e8que de l&#8217;Acad\u00e9mie Trompe &amp; CorsLa m\u00e9diath\u00e8que A.T.C, amie des sonneurs et des cornistes,\u00a0 est aliment\u00e9e en\u00a0 collaboration avec la F.I.T.F.Les membres du CLUB PRIVIL\u00c8GES acc\u00e8dent directement \u00e0 l&#8217;onglet &#8220;Titres &amp; Partitions&#8221;. Les b\u00e9n\u00e9voles de l&#8217;ATC conduisent un important travail de transcription et de cr\u00e9ation. Le fruit de ces travaux est disponible GRATUITEMENT, il suffit [&hellip;]<\/p>\n","protected":false},"author":1,"featured_media":0,"parent":0,"menu_order":0,"comment_status":"closed","ping_status":"closed","template":"","meta":{"_et_pb_use_builder":"on","_et_pb_old_content":"","_et_gb_content_width":"","footnotes":""},"class_list":["post-9","page","type-page","status-publish","hentry"],"_links":{"self":[{"href":"https:\/\/atc-trompe-cors.fr\/mediatheque\/index.php\/wp-json\/wp\/v2\/pages\/9","targetHints":{"allow":["GET"]}}],"collection":[{"href":"https:\/\/atc-trompe-cors.fr\/mediatheque\/index.php\/wp-json\/wp\/v2\/pages"}],"about":[{"href":"https:\/\/atc-trompe-cors.fr\/mediatheque\/index.php\/wp-json\/wp\/v2\/types\/page"}],"author":[{"embeddable":true,"href":"https:\/\/atc-trompe-cors.fr\/mediatheque\/index.php\/wp-json\/wp\/v2\/users\/1"}],"replies":[{"embeddable":true,"href":"https:\/\/atc-trompe-cors.fr\/mediatheque\/index.php\/wp-json\/wp\/v2\/comments?post=9"}],"version-history":[{"count":274,"href":"https:\/\/atc-trompe-cors.fr\/mediatheque\/index.php\/wp-json\/wp\/v2\/pages\/9\/revisions"}],"predecessor-version":[{"id":25276,"href":"https:\/\/atc-trompe-cors.fr\/mediatheque\/index.php\/wp-json\/wp\/v2\/pages\/9\/revisions\/25276"}],"wp:attachment":[{"href":"https:\/\/atc-trompe-cors.fr\/mediatheque\/index.php\/wp-json\/wp\/v2\/media?parent=9"}],"curies":[{"name":"wp","href":"https:\/\/api.w.org\/{rel}","templated":true}]}}